{"id":1164,"date":"2020-09-29T16:50:38","date_gmt":"2020-09-29T16:50:38","guid":{"rendered":"https:\/\/engage.bullhorn.com\/engage-3\/?page_id=1164"},"modified":"2021-09-30T13:33:03","modified_gmt":"2021-09-30T13:33:03","slug":"dach-content","status":"publish","type":"page","link":"https:\/\/engage.bullhorn.com\/engagex-europe-2021\/dach-content\/","title":{"rendered":"DACH content"},"content":{"rendered":"<h1 style=\"text-align: center;\"><b>DACH Session Details <\/b><\/h1>\n<p style=\"text-align: center;\"><a href=\"https:\/\/engage.bullhorn.com\/engagex-europe-2021\/register-now\/\">Jetzt registrieren!<\/a><\/p>\n<p>Besuchen Sie uns auf der EngageX Europe 2021, wo Tausende von Personalbeschaffungsexperten in einem einzigen (virtuellen) Raum aufeinander treffen, um gemeinsam zu netzwerken, zu lernen und \u00fcber Herausforderungen, Gesch\u00e4 ftsm\u00f6 glichkeiten und vieles mehr zu sprechen.<\/p>\n<p>Dieses Jahr bieten wir Ihnen insgesamt drei Breakout Sessions auf Deutsch, die auf die spezifischen regionalen Bed\u00fcrfnisse des DACH Marktes angepasst sind. Selbstverst\u00e4ndlich k\u00f6 nnen Sie auch an unseren englischsprachigen Sessions teilnehmen wie z.B. die Vision for Innovation Keynote unseres CTOs und Pr\u00e4 sidenten Matt Fisher oder an unserem Marketplace-Showdown.<\/p>\n<h4 style=\"font-family: GothamMedium;\">Die &#8216;neue Welt der Arbeit&#8217; &#8211; und was das f\u00fcr Recruiter in der DACH-Region bedeutet<\/h4>\n<p><img loading=\"lazy\" decoding=\"async\" src=\"https:\/\/engage.bullhorn.com\/engagex-europe-2021\/wp-content\/uploads\/sites\/14\/2020\/04\/EngageX_Thomas_Andre_Sola-300x300.png\" alt=\"\" width=\"300\" height=\"300\" \/><\/p>\n<p style=\"text-align: center;\"><a href=\"https:\/\/engage.bullhorn.com\/engagex-europe-2021\/speakers\/thomas-andre-sola\/\">Thomas Andr\u00e9 Sola<\/a><\/p>\n<p>Die letzten 18-20 Monaten waren von rasanten gesellschaftlichen und technologischen Ver\u00e4 nderungen gepr\u00e4 gt. In dieser Session wird Thomas Andr\u00e9 Sola, Managing Director bei APSCo Deutschland, die wichtigsten Trends, die wir in der DACH-Region beobachten konnten genauer unter die Lupe nehmen. Zudem wird er Ihnen einen Einblick geben, wohin die Reise in den kommenden 18-20 Monaten gehen k\u00f6 nnte und was dies f\u00fcr die Recruiting-Branche bedeutet.<\/p>\n<h4 style=\"font-family: GothamMedium;\">Die &#8216;neue Welt der Arbeit&#8217; &#8211; und was das f\u00fcr Recruiter in der DACH-Region bedeutet<\/h4>\n<p><img loading=\"lazy\" decoding=\"async\" src=\"https:\/\/engage.bullhorn.com\/engagex-europe-2021\/wp-content\/uploads\/sites\/14\/2020\/04\/EngageX_Thomas_Andre_Sola-300x300.png\" alt=\"\" width=\"300\" height=\"300\" \/><\/p>\n<p style=\"text-align: center;\"><a href=\"https:\/\/engage.bullhorn.com\/engagex-europe-2021\/speakers\/thomas-andre-sola\/\">Thomas Andr\u00e9 Sola<\/a><\/p>\n<p>Die letzten 18-20 Monaten waren von rasanten gesellschaftlichen und technologischen Ver\u00e4 nderungen gepr\u00e4gt. In dieser Session wird Thomas Andr\u00e9 Sola, Managing Director bei APSCo Deutschland, die wichtigsten Trends, die wir in der DACH-Region beobachten konnten genauer unter die Lupe nehmen. Zudem wird er Ihnen einen Einblick geben, wohin die Reise in den kommenden 18-20 Monaten gehen k\u00f6nnte und was dies f\u00fcr die Recruiting-Branche bedeutet.<\/p>\n<h4 style=\"font-family: GothamMedium;\">Wie Sie den Fachkr\u00e4ftemangel innerhalb der Recruiting-Branche mit Reskilling gekonnt meistern<\/h4>\n<p><img loading=\"lazy\" decoding=\"async\" src=\"https:\/\/engage.bullhorn.com\/engagex-europe-2021\/wp-content\/uploads\/sites\/14\/2021\/09\/EngageX_Christoph_Kahlenberg-1-300x300.png\" alt=\"\" width=\"300\" height=\"300\" \/><\/p>\n<p style=\"text-align: center;\"><a href=\"https:\/\/engage.bullhorn.com\/engagex-europe-2021\/speakers\/dr-christoph-kahlenberg\/\">Dr. Christoph Kahlenberg<\/a><\/p>\n<p>In dieser Podiumsdiskussion lernen Sie von erfahrenen F\u00fchrungskr\u00e4ften aus der Personaldienstleistung wie diese Ihre Unternehmen erfolgreich durch den aktuellen Fachkr\u00e4ftemangel und den Umgang mit Qualifikationsdefiziten bei der Kandidatensuche auf dem deutschsprachigen Markt f\u00fchren. In dieser Session erfahren Sie mehr \u00fcber unterschiedliche M\u00f6g<wbr \/>lichkeiten, um die besten Kandidaten\u00a0f\u00fcr\u00a0sich zu\u00a0gewinnen\u00a0und Talente langfristig an\u00a0Ihr\u00a0Unternehmen zu binden.<\/p>\n<h4 style=\"font-family: GothamMedium;\">\u00dcber Dinge, von denen Sie noch nicht wussten, dass Sie sie automatisieren k\u00f6 nnen<\/h4>\n<p><img loading=\"lazy\" decoding=\"async\" src=\"https:\/\/engage.bullhorn.com\/engagex-europe-2021\/wp-content\/uploads\/sites\/14\/2021\/09\/EngageX_Nasser_Agha-1-1-300x300.png\" alt=\"\" width=\"300\" height=\"300\" \/><\/p>\n<p style=\"text-align: center;\"><a href=\"https:\/\/engage.bullhorn.com\/engagex-europe-2021\/speakers\/nasser-agha\/\">Nasser Agha<\/a><\/p>\n<p>Ganz egal, ob Ihnen die Automatisierungsl\u00f6sung Herefish von Bullhorn bereits ein Begriff ist oder noch komplettes Neuland, diese Session sollten Sie definitiv nicht verpassen. Der Bullhorn Recruiting-Automatisierungsexperte Nasser Agha gibt Ihnen in diesem Deep Dive einen Einblick in die vielen<br \/>\nM\u00f6glichkeiten, die Herefish von Bullhorn Ihnen bietet, inklusive interne Umfrage, der Automatisierung von Kandidateneintr\u00e4ge und Best Practices f\u00fcr Ihr gesamtes Unternehmen sowie dynamische Knock-Out Fragen um Bewerbungen zu screenen und mehr! Unsere Anwendungsbeispiele im Bereich Recruiting-Automatisierung sind unendlich, aber eines ist sicher: Sie werden diese Session mit vielen neuen Ideen verlassen wie Sie Ihre Strategie zur Recruiting-Automatisierung Ihres Unternehmens weiter optimieren k\u00f6nnen.<\/p>\n<h4 style=\"font-family: GothamMedium;\">Erfahren Sie mehr \u00fcber die Partner von Bullhorn:<\/h4>\n<p><img loading=\"lazy\" decoding=\"async\" src=\"https:\/\/engage.bullhorn.com\/engage-3\/wp-content\/uploads\/sites\/14\/2020\/04\/Community_150x150_V1.png\" alt=\"\" width=\"70\" height=\"150\" \/><\/p>\n<p><strong style=\"GothamMedium;\">Marktplatz-Partner:<\/strong> Besuchen Sie virtuelle St\u00e4nde oder folgen Sie unserer Marktplatz Speed Pitch-Session oder vereinbaren Sie individuelle Meetings <\/p>\n<p>Dieses Event ist komplett kostenlos! Registrieren Sie sich noch heute und erhalten Sie Zugang zu allen Live-Inhalten am Tag des Events sowie zu allen aufgezeichneten Inhalten, um diese zu einem sp\u00e4 teren Zeitpunkt anzusehen.<\/p>\n<p>Unsere vollst\u00e4 ndige Agenda finden Sie unter: <strong style=\"font-size: 18px;\"><a href=\"https:\/\/engage.bullhorn.com\/engagex-europe-2021\/agenda\/\">www.s40808.p1563.sites.pressdns.com\/engagex-europe-2021\/agenda<\/a><\/strong><\/p>\n<p style=\"text-align: center;\"><a href=\"https:\/\/engage.bullhorn.com\/engagex-europe-2021\/register-now\/\">Jetzt registrieren!<\/a><\/p>\n","protected":false},"excerpt":{"rendered":"<p>DACH Session Details Jetzt registrieren! Besuchen Sie uns auf der EngageX Europe 2021, wo Tausende von Personalbeschaffungsexperten in einem einzigen (virtuellen) Raum aufeinander treffen, um gemeinsam zu netzwerken, zu lernen und \u00fcber Herausforderungen, Gesch\u00e4 ftsm\u00f6 glichkeiten und vieles mehr zu sprechen. Dieses Jahr bieten wir Ihnen insgesamt drei Breakout Sessions auf Deutsch, die auf die [&hellip;]<\/p>\n","protected":false},"author":10,"featured_media":1163,"parent":0,"menu_order":0,"comment_status":"closed","ping_status":"closed","template":"","meta":{"_acf_changed":false,"footnotes":""},"class_list":["post-1164","page","type-page","status-publish","has-post-thumbnail","hentry"],"acf":[],"yoast_head":"<!-- This site is optimized with the Yoast SEO plugin v27.5 - https:\/\/yoast.com\/product\/yoast-seo-wordpress\/ -->\n<title>DACH content - EngageX Europe 2021<\/title>\n<meta name=\"robots\" content=\"index, follow, max-snippet:-1, max-image-preview:large, max-video-preview:-1\" \/>\n<link rel=\"canonical\" href=\"https:\/\/s40808.p1563.sites.pressdns.com\/engagex-europe-2021\/dach-content\/\" \/>\n<meta property=\"og:locale\" content=\"en_US\" \/>\n<meta property=\"og:type\" content=\"article\" \/>\n<meta property=\"og:title\" content=\"DACH content - EngageX Europe 2021\" \/>\n<meta property=\"og:description\" content=\"DACH Session Details Jetzt registrieren! Besuchen Sie uns auf der EngageX Europe 2021, wo Tausende von Personalbeschaffungsexperten in einem einzigen (virtuellen) Raum aufeinander treffen, um gemeinsam zu netzwerken, zu lernen und \u00fcber Herausforderungen, Gesch\u00e4 ftsm\u00f6 glichkeiten und vieles mehr zu sprechen. Dieses Jahr bieten wir Ihnen insgesamt drei Breakout Sessions auf Deutsch, die auf die [&hellip;]\" \/>\n<meta property=\"og:url\" content=\"https:\/\/s40808.p1563.sites.pressdns.com\/engagex-europe-2021\/dach-content\/\" \/>\n<meta property=\"og:site_name\" content=\"EngageX Europe 2021\" \/>\n<meta property=\"article:modified_time\" content=\"2021-09-30T13:33:03+00:00\" \/>\n<meta property=\"og:image\" content=\"https:\/\/s40808.p1563.sites.pressdns.com\/engagex-europe-2021\/wp-content\/uploads\/sites\/14\/2020\/09\/EngageXEurope20_eventbrite-B-V1.png\" \/>\n\t<meta property=\"og:image:width\" content=\"2160\" \/>\n\t<meta property=\"og:image:height\" content=\"1080\" \/>\n\t<meta property=\"og:image:type\" content=\"image\/png\" \/>\n<meta name=\"twitter:card\" content=\"summary_large_image\" \/>\n<meta name=\"twitter:label1\" content=\"Est. reading time\" \/>\n\t<meta name=\"twitter:data1\" content=\"3 minutes\" \/>\n<script type=\"application\/ld+json\" class=\"yoast-schema-graph\">{\"@context\":\"https:\\\/\\\/schema.org\",\"@graph\":[{\"@type\":\"WebPage\",\"@id\":\"https:\\\/\\\/s40808.p1563.sites.pressdns.com\\\/engagex-europe-2021\\\/dach-content\\\/\",\"url\":\"https:\\\/\\\/s40808.p1563.sites.pressdns.com\\\/engagex-europe-2021\\\/dach-content\\\/\",\"name\":\"DACH content - EngageX Europe 2021\",\"isPartOf\":{\"@id\":\"https:\\\/\\\/s40808.p1563.sites.pressdns.com\\\/engagex-europe-2021\\\/#website\"},\"primaryImageOfPage\":{\"@id\":\"https:\\\/\\\/s40808.p1563.sites.pressdns.com\\\/engagex-europe-2021\\\/dach-content\\\/#primaryimage\"},\"image\":{\"@id\":\"https:\\\/\\\/s40808.p1563.sites.pressdns.com\\\/engagex-europe-2021\\\/dach-content\\\/#primaryimage\"},\"thumbnailUrl\":\"https:\\\/\\\/engage.bullhorn.com\\\/engagex-europe-2021\\\/wp-content\\\/uploads\\\/sites\\\/14\\\/2020\\\/09\\\/EngageXEurope20_eventbrite-B-V1.png\",\"datePublished\":\"2020-09-29T16:50:38+00:00\",\"dateModified\":\"2021-09-30T13:33:03+00:00\",\"breadcrumb\":{\"@id\":\"https:\\\/\\\/s40808.p1563.sites.pressdns.com\\\/engagex-europe-2021\\\/dach-content\\\/#breadcrumb\"},\"inLanguage\":\"en-US\",\"potentialAction\":[{\"@type\":\"ReadAction\",\"target\":[\"https:\\\/\\\/s40808.p1563.sites.pressdns.com\\\/engagex-europe-2021\\\/dach-content\\\/\"]}]},{\"@type\":\"ImageObject\",\"inLanguage\":\"en-US\",\"@id\":\"https:\\\/\\\/s40808.p1563.sites.pressdns.com\\\/engagex-europe-2021\\\/dach-content\\\/#primaryimage\",\"url\":\"https:\\\/\\\/engage.bullhorn.com\\\/engagex-europe-2021\\\/wp-content\\\/uploads\\\/sites\\\/14\\\/2020\\\/09\\\/EngageXEurope20_eventbrite-B-V1.png\",\"contentUrl\":\"https:\\\/\\\/engage.bullhorn.com\\\/engagex-europe-2021\\\/wp-content\\\/uploads\\\/sites\\\/14\\\/2020\\\/09\\\/EngageXEurope20_eventbrite-B-V1.png\",\"width\":2160,\"height\":1080},{\"@type\":\"BreadcrumbList\",\"@id\":\"https:\\\/\\\/s40808.p1563.sites.pressdns.com\\\/engagex-europe-2021\\\/dach-content\\\/#breadcrumb\",\"itemListElement\":[{\"@type\":\"ListItem\",\"position\":1,\"name\":\"Home\",\"item\":\"https:\\\/\\\/s40808.p1563.sites.pressdns.com\\\/engagex-europe-2021\\\/\"},{\"@type\":\"ListItem\",\"position\":2,\"name\":\"DACH content\"}]},{\"@type\":\"WebSite\",\"@id\":\"https:\\\/\\\/s40808.p1563.sites.pressdns.com\\\/engagex-europe-2021\\\/#website\",\"url\":\"https:\\\/\\\/s40808.p1563.sites.pressdns.com\\\/engagex-europe-2021\\\/\",\"name\":\"EngageX Europe 2021\",\"description\":\"\",\"potentialAction\":[{\"@type\":\"SearchAction\",\"target\":{\"@type\":\"EntryPoint\",\"urlTemplate\":\"https:\\\/\\\/s40808.p1563.sites.pressdns.com\\\/engagex-europe-2021\\\/?s={search_term_string}\"},\"query-input\":{\"@type\":\"PropertyValueSpecification\",\"valueRequired\":true,\"valueName\":\"search_term_string\"}}],\"inLanguage\":\"en-US\"}]}<\/script>\n<!-- \/ Yoast SEO plugin. -->","yoast_head_json":{"title":"DACH content - EngageX Europe 2021","robots":{"index":"index","follow":"follow","max-snippet":"max-snippet:-1","max-image-preview":"max-image-preview:large","max-video-preview":"max-video-preview:-1"},"canonical":"https:\/\/s40808.p1563.sites.pressdns.com\/engagex-europe-2021\/dach-content\/","og_locale":"en_US","og_type":"article","og_title":"DACH content - EngageX Europe 2021","og_description":"DACH Session Details Jetzt registrieren! Besuchen Sie uns auf der EngageX Europe 2021, wo Tausende von Personalbeschaffungsexperten in einem einzigen (virtuellen) Raum aufeinander treffen, um gemeinsam zu netzwerken, zu lernen und \u00fcber Herausforderungen, Gesch\u00e4 ftsm\u00f6 glichkeiten und vieles mehr zu sprechen. Dieses Jahr bieten wir Ihnen insgesamt drei Breakout Sessions auf Deutsch, die auf die [&hellip;]","og_url":"https:\/\/s40808.p1563.sites.pressdns.com\/engagex-europe-2021\/dach-content\/","og_site_name":"EngageX Europe 2021","article_modified_time":"2021-09-30T13:33:03+00:00","og_image":[{"width":2160,"height":1080,"url":"https:\/\/s40808.p1563.sites.pressdns.com\/engagex-europe-2021\/wp-content\/uploads\/sites\/14\/2020\/09\/EngageXEurope20_eventbrite-B-V1.png","type":"image\/png"}],"twitter_card":"summary_large_image","twitter_misc":{"Est. reading time":"3 minutes"},"schema":{"@context":"https:\/\/schema.org","@graph":[{"@type":"WebPage","@id":"https:\/\/s40808.p1563.sites.pressdns.com\/engagex-europe-2021\/dach-content\/","url":"https:\/\/s40808.p1563.sites.pressdns.com\/engagex-europe-2021\/dach-content\/","name":"DACH content - EngageX Europe 2021","isPartOf":{"@id":"https:\/\/s40808.p1563.sites.pressdns.com\/engagex-europe-2021\/#website"},"primaryImageOfPage":{"@id":"https:\/\/s40808.p1563.sites.pressdns.com\/engagex-europe-2021\/dach-content\/#primaryimage"},"image":{"@id":"https:\/\/s40808.p1563.sites.pressdns.com\/engagex-europe-2021\/dach-content\/#primaryimage"},"thumbnailUrl":"https:\/\/engage.bullhorn.com\/engagex-europe-2021\/wp-content\/uploads\/sites\/14\/2020\/09\/EngageXEurope20_eventbrite-B-V1.png","datePublished":"2020-09-29T16:50:38+00:00","dateModified":"2021-09-30T13:33:03+00:00","breadcrumb":{"@id":"https:\/\/s40808.p1563.sites.pressdns.com\/engagex-europe-2021\/dach-content\/#breadcrumb"},"inLanguage":"en-US","potentialAction":[{"@type":"ReadAction","target":["https:\/\/s40808.p1563.sites.pressdns.com\/engagex-europe-2021\/dach-content\/"]}]},{"@type":"ImageObject","inLanguage":"en-US","@id":"https:\/\/s40808.p1563.sites.pressdns.com\/engagex-europe-2021\/dach-content\/#primaryimage","url":"https:\/\/engage.bullhorn.com\/engagex-europe-2021\/wp-content\/uploads\/sites\/14\/2020\/09\/EngageXEurope20_eventbrite-B-V1.png","contentUrl":"https:\/\/engage.bullhorn.com\/engagex-europe-2021\/wp-content\/uploads\/sites\/14\/2020\/09\/EngageXEurope20_eventbrite-B-V1.png","width":2160,"height":1080},{"@type":"BreadcrumbList","@id":"https:\/\/s40808.p1563.sites.pressdns.com\/engagex-europe-2021\/dach-content\/#breadcrumb","itemListElement":[{"@type":"ListItem","position":1,"name":"Home","item":"https:\/\/s40808.p1563.sites.pressdns.com\/engagex-europe-2021\/"},{"@type":"ListItem","position":2,"name":"DACH content"}]},{"@type":"WebSite","@id":"https:\/\/s40808.p1563.sites.pressdns.com\/engagex-europe-2021\/#website","url":"https:\/\/s40808.p1563.sites.pressdns.com\/engagex-europe-2021\/","name":"EngageX Europe 2021","description":"","potentialAction":[{"@type":"SearchAction","target":{"@type":"EntryPoint","urlTemplate":"https:\/\/s40808.p1563.sites.pressdns.com\/engagex-europe-2021\/?s={search_term_string}"},"query-input":{"@type":"PropertyValueSpecification","valueRequired":true,"valueName":"search_term_string"}}],"inLanguage":"en-US"}]}},"_links":{"self":[{"href":"https:\/\/engage.bullhorn.com\/engagex-europe-2021\/wp-json\/wp\/v2\/pages\/1164","targetHints":{"allow":["GET"]}}],"collection":[{"href":"https:\/\/engage.bullhorn.com\/engagex-europe-2021\/wp-json\/wp\/v2\/pages"}],"about":[{"href":"https:\/\/engage.bullhorn.com\/engagex-europe-2021\/wp-json\/wp\/v2\/types\/page"}],"author":[{"embeddable":true,"href":"https:\/\/engage.bullhorn.com\/engagex-europe-2021\/wp-json\/wp\/v2\/users\/10"}],"replies":[{"embeddable":true,"href":"https:\/\/engage.bullhorn.com\/engagex-europe-2021\/wp-json\/wp\/v2\/comments?post=1164"}],"version-history":[{"count":0,"href":"https:\/\/engage.bullhorn.com\/engagex-europe-2021\/wp-json\/wp\/v2\/pages\/1164\/revisions"}],"wp:featuredmedia":[{"embeddable":true,"href":"https:\/\/engage.bullhorn.com\/engagex-europe-2021\/wp-json\/wp\/v2\/media\/1163"}],"wp:attachment":[{"href":"https:\/\/engage.bullhorn.com\/engagex-europe-2021\/wp-json\/wp\/v2\/media?parent=1164"}],"curies":[{"name":"wp","href":"https:\/\/api.w.org\/{rel}","templated":true}]}}