{"id":1109,"date":"2020-09-21T17:50:40","date_gmt":"2020-09-21T17:50:40","guid":{"rendered":"https:\/\/engage.bullhorn.com\/engagex-europe-2020\/?page_id=1109"},"modified":"2021-10-07T13:33:45","modified_gmt":"2021-10-07T13:33:45","slug":"agenda","status":"publish","type":"page","link":"https:\/\/engage.bullhorn.com\/engagex-europe-2020\/agenda\/","title":{"rendered":"Agenda &#8211; Final"},"content":{"rendered":"<p>&nbsp;<\/p>\n<h1 style=\"text-align: center;\">Agenda<\/h1>\n<p style=\"text-align: center;\">Hear from Bullhorn leaders, choose from dozens of regionally-specific and product-specific sessions, arrange one-to-one meetings with Marketplace partners and Bullhorn experts, and network with like-minded recruitment professionals through engaging roundtable discussions.<\/p>\n<h2 style=\"text-align: center;\">Breakout Session Tracks<\/h2>\n<p><img decoding=\"async\" style=\"max-width: 40px;\" src=\"https:\/\/engage.bullhorn.com\/engagex-europe-2020\/wp-content\/uploads\/sites\/11\/2020\/10\/EngageXEurope20-track-UK.png\" \/> UK &amp; I Regional Outlook (English)<\/p>\n<p>Get an update on macroeconimic trends from behavioural economist Roger Martin Fagg, and hear from a panel of Bullhorn customers on how they have made automation a crucial part of their business strategy.<\/p>\n<p><em>Sponsored by:<\/em><\/p>\n<p><img loading=\"lazy\" decoding=\"async\" src=\"https:\/\/engage.bullhorn.com\/engagex-europe-2020\/wp-content\/uploads\/sites\/11\/2020\/09\/Header_pixid_logo_Couleur-300x88.png\" alt=\"\" width=\"100\" height=\"88\" \/><\/p>\n<p><img decoding=\"async\" style=\"max-width: 40px;\" src=\"https:\/\/engage.bullhorn.com\/engagex-europe-2020\/wp-content\/uploads\/sites\/11\/2020\/09\/EngageXEuropetrack_V1_DE.png\" \/> DACH Regional Outlook (German)<\/p>\n<p>Learn from recruitment experts in DACH, join interactive sessions and get up-to-speed on the latest trends in the recruitment industry, such as digital transformation and diversity in leadership.<\/p>\n<p>&#8211;<\/p>\n<p>Lernen Sie von Recruitment-Experten aus DACH, nehmen Sie an interaktiven Diskussionen teil und informieren Sie sich \u00fcber die neuesten Industrietrends in der Personalbeschaffungsbranche wie z.B. die digitale Transformation oder Diversit\u00e4t in der F\u00fchrung.<\/p>\n<p style=\"text-align: left;\"><a href=\"https:\/\/engage.bullhorn.com\/engagex-europe-2020\/dach-content\/\">Mehr erfahren<\/a><\/p>\n<p><em>Sponsored by:<\/em><\/p>\n<p><img loading=\"lazy\" decoding=\"async\" src=\"https:\/\/engage.bullhorn.com\/engagex-europe-2020\/wp-content\/uploads\/sites\/11\/2020\/09\/germanpersonnel-300x59.png\" alt=\"\" width=\"150\" height=\"59\" \/><\/p>\n<p><img decoding=\"async\" style=\"max-width: 40px;\" src=\"https:\/\/engage.bullhorn.com\/engagex-europe-2020\/wp-content\/uploads\/sites\/11\/2020\/09\/EngageXEuropetrack_V1_NE.png\" \/> Benelux Regional Outlook (Dutch)<\/p>\n<p>Hear from Dutch recruitment experts, discover how the industry is looking in the post-covid world, and review the recent changes in legislation and fluctuations in the Benelux market.<\/p>\n<p>&#8211;<\/p>\n<p>Maak kennis met recruitment experts uit Nederland en ontdek hoe de branche eruit ziet in een post-corona wereld, wat de grootste veranderingen zijn in de markt en wet- en regelgeving en leer van grote staffing spelers.<\/p>\n<p style=\"text-align: left;\"><a href=\"https:\/\/engage.bullhorn.com\/engagex-europe-2020\/benelux-content\/\">Lees meer<\/a><\/p>\n<p><em>Sponsored by:<\/em><\/p>\n<p><img loading=\"lazy\" decoding=\"async\" src=\"https:\/\/engage.bullhorn.com\/engagex-europe-2020\/wp-content\/uploads\/sites\/11\/2020\/05\/textkernel-300x53.png\" alt=\"\" width=\"120\" height=\"53\" \/><\/p>\n<p><img decoding=\"async\" style=\"max-width: 40px;\" src=\"https:\/\/engage.bullhorn.com\/engagex-europe-2020\/wp-content\/uploads\/sites\/11\/2020\/09\/EngageXEuropetrack_V1_FR.png\" \/> French Regional Outlook (French)<\/p>\n<p>Hear from leading French recruitment executives on the objectives and strategies they are looking to achieve post-covid, including shifts in their approach to managing their teams, technology, and marketing.<\/p>\n<p>&#8211;<\/p>\n<p>Venez d\u00e9couvrir comment les acteurs majeurs de l&#8217;industrie francaise du recrutement ont navigu\u00e9 la crise du COVID en s&#8217;appuyant sur leurs \u00e9quipes et leurs resources technologiques ou en adaptant leur strat\u00e9gie pour maintenir ou accroitre leurs parts de march\u00e9.<\/p>\n<p style=\"text-align: left;\"><a href=\"https:\/\/engage.bullhorn.com\/engagex-europe-2020\/french-content\/\">En savoir<\/a><\/p>\n<p><em>Sponsored by:<\/em><\/p>\n<p><img loading=\"lazy\" decoding=\"async\" src=\"https:\/\/engage.bullhorn.com\/engagex-europe-2020\/wp-content\/uploads\/sites\/11\/2020\/09\/Header_pixid_logo_Couleur-300x88.png\" alt=\"\" width=\"100\" height=\"88\" \/><\/p>\n<p><img decoding=\"async\" style=\"max-width: 40px;\" src=\"https:\/\/engage.bullhorn.com\/engagex-europe-2020\/wp-content\/uploads\/sites\/11\/2020\/10\/EngageXEurope20-track-BH-platform.png\" \/> Bullhorn Product Track<\/p>\n<p>Get a glimpse into the latest innovations at Bullhorn, discover how automation could revolutionise your operation, and how you can get the most out of your Bullhorn tech stack with our partner Marketplace.<\/p>\n<p><em>Sponsored by:<\/em><\/p>\n<p><img loading=\"lazy\" decoding=\"async\" src=\"https:\/\/engage.bullhorn.com\/engagex-europe-2020\/wp-content\/uploads\/sites\/11\/2018\/08\/Kyloe-Logo-RGB-1-300x109.png\" alt=\"\" width=\"100\" height=\"109\" \/><\/p>\n<p><img decoding=\"async\" style=\"max-width: 40px;\" src=\"https:\/\/engage.bullhorn.com\/engagex-europe-2020\/wp-content\/uploads\/sites\/11\/2020\/09\/Invenias.png\" \/> Executive Search Track<\/p>\n<p>Join us in the Executive Search track to learn about the Invenias product roadmap, leadership trends heading into 2021, and a closer look at how companies are tackling D&amp;I challenges today.<\/p>\n<p style=\"text-align: left;\"><a href=\"https:\/\/engage.bullhorn.com\/engagex-europe-2020\/executive-search-content\/\">Learn More<\/a><\/p>\n<p><em>Sponsored by:<\/em><\/p>\n<p><img loading=\"lazy\" decoding=\"async\" src=\"https:\/\/engage.bullhorn.com\/engagex-europe-2020\/wp-content\/uploads\/sites\/11\/2018\/08\/Kyloe-Logo-RGB-1-300x109.png\" alt=\"\" width=\"100\" height=\"109\" \/><\/p>\n<p><img decoding=\"async\" style=\"max-width: 40px;\" src=\"https:\/\/engage.bullhorn.com\/engagex-europe-2020\/wp-content\/uploads\/sites\/11\/2020\/10\/EngageXEurope20-track-Salesforce.png\" \/> Salesforce Product Track<\/p>\n<p>See the developments for our Bullhorn solutions on Salesforce, discover how to get the most out of your Salesforce set-up, and how automation could revolutionise your operation.<\/p>\n","protected":false},"excerpt":{"rendered":"<p>&nbsp; Agenda Hear from Bullhorn leaders, choose from dozens of regionally-specific and product-specific sessions, arrange one-to-one meetings with Marketplace partners and Bullhorn experts, and network with like-minded recruitment professionals through engaging roundtable discussions. Breakout Session Tracks UK &amp; I Regional Outlook (English) Get an update on macroeconimic trends from behavioural economist Roger Martin Fagg, and [&hellip;]<\/p>\n","protected":false},"author":10,"featured_media":1080,"parent":0,"menu_order":0,"comment_status":"closed","ping_status":"closed","template":"page-templates\/page-agenda-two.php","meta":{"_acf_changed":false,"footnotes":""},"class_list":["post-1109","page","type-page","status-publish","has-post-thumbnail","hentry"],"acf":[],"yoast_head":"<!-- This site is optimized with the Yoast SEO plugin v27.5 - https:\/\/yoast.com\/product\/yoast-seo-wordpress\/ -->\n<title>Agenda - Final - EngageX Europe 2020<\/title>\n<meta name=\"robots\" content=\"noindex, nofollow\" \/>\n<meta property=\"og:locale\" content=\"en_US\" \/>\n<meta property=\"og:type\" content=\"article\" \/>\n<meta property=\"og:title\" content=\"Agenda - Final - EngageX Europe 2020\" \/>\n<meta property=\"og:description\" content=\"&nbsp; Agenda Hear from Bullhorn leaders, choose from dozens of regionally-specific and product-specific sessions, arrange one-to-one meetings with Marketplace partners and Bullhorn experts, and network with like-minded recruitment professionals through engaging roundtable discussions. Breakout Session Tracks UK &amp; I Regional Outlook (English) Get an update on macroeconimic trends from behavioural economist Roger Martin Fagg, and [&hellip;]\" \/>\n<meta property=\"og:url\" content=\"https:\/\/s40808.p1563.sites.pressdns.com\/engagex-europe-2020\/agenda\/\" \/>\n<meta property=\"og:site_name\" content=\"EngageX Europe 2020\" \/>\n<meta property=\"article:modified_time\" content=\"2021-10-07T13:33:45+00:00\" \/>\n<meta property=\"og:image\" content=\"https:\/\/s40808.p1563.sites.pressdns.com\/engagex-europe-2020\/wp-content\/uploads\/sites\/11\/2020\/08\/EngageXEurope20_eventbrite-B-V1.png\" \/>\n\t<meta property=\"og:image:width\" content=\"2160\" \/>\n\t<meta property=\"og:image:height\" content=\"1080\" \/>\n\t<meta property=\"og:image:type\" content=\"image\/png\" \/>\n<meta name=\"twitter:card\" content=\"summary_large_image\" \/>\n<meta name=\"twitter:label1\" content=\"Est. reading time\" \/>\n\t<meta name=\"twitter:data1\" content=\"2 minutes\" \/>\n<script type=\"application\/ld+json\" class=\"yoast-schema-graph\">{\"@context\":\"https:\\\/\\\/schema.org\",\"@graph\":[{\"@type\":\"WebPage\",\"@id\":\"https:\\\/\\\/s40808.p1563.sites.pressdns.com\\\/engagex-europe-2020\\\/agenda\\\/\",\"url\":\"https:\\\/\\\/s40808.p1563.sites.pressdns.com\\\/engagex-europe-2020\\\/agenda\\\/\",\"name\":\"Agenda - Final - EngageX Europe 2020\",\"isPartOf\":{\"@id\":\"https:\\\/\\\/s40808.p1563.sites.pressdns.com\\\/engagex-europe-2020\\\/#website\"},\"primaryImageOfPage\":{\"@id\":\"https:\\\/\\\/s40808.p1563.sites.pressdns.com\\\/engagex-europe-2020\\\/agenda\\\/#primaryimage\"},\"image\":{\"@id\":\"https:\\\/\\\/s40808.p1563.sites.pressdns.com\\\/engagex-europe-2020\\\/agenda\\\/#primaryimage\"},\"thumbnailUrl\":\"https:\\\/\\\/engage.bullhorn.com\\\/engagex-europe-2020\\\/wp-content\\\/uploads\\\/sites\\\/11\\\/2020\\\/08\\\/EngageXEurope20_eventbrite-B-V1.png\",\"datePublished\":\"2020-09-21T17:50:40+00:00\",\"dateModified\":\"2021-10-07T13:33:45+00:00\",\"breadcrumb\":{\"@id\":\"https:\\\/\\\/s40808.p1563.sites.pressdns.com\\\/engagex-europe-2020\\\/agenda\\\/#breadcrumb\"},\"inLanguage\":\"en-US\",\"potentialAction\":[{\"@type\":\"ReadAction\",\"target\":[\"https:\\\/\\\/s40808.p1563.sites.pressdns.com\\\/engagex-europe-2020\\\/agenda\\\/\"]}]},{\"@type\":\"ImageObject\",\"inLanguage\":\"en-US\",\"@id\":\"https:\\\/\\\/s40808.p1563.sites.pressdns.com\\\/engagex-europe-2020\\\/agenda\\\/#primaryimage\",\"url\":\"https:\\\/\\\/engage.bullhorn.com\\\/engagex-europe-2020\\\/wp-content\\\/uploads\\\/sites\\\/11\\\/2020\\\/08\\\/EngageXEurope20_eventbrite-B-V1.png\",\"contentUrl\":\"https:\\\/\\\/engage.bullhorn.com\\\/engagex-europe-2020\\\/wp-content\\\/uploads\\\/sites\\\/11\\\/2020\\\/08\\\/EngageXEurope20_eventbrite-B-V1.png\",\"width\":2160,\"height\":1080},{\"@type\":\"BreadcrumbList\",\"@id\":\"https:\\\/\\\/s40808.p1563.sites.pressdns.com\\\/engagex-europe-2020\\\/agenda\\\/#breadcrumb\",\"itemListElement\":[{\"@type\":\"ListItem\",\"position\":1,\"name\":\"Home\",\"item\":\"https:\\\/\\\/s40808.p1563.sites.pressdns.com\\\/engagex-europe-2020\\\/\"},{\"@type\":\"ListItem\",\"position\":2,\"name\":\"Agenda &#8211; Final\"}]},{\"@type\":\"WebSite\",\"@id\":\"https:\\\/\\\/s40808.p1563.sites.pressdns.com\\\/engagex-europe-2020\\\/#website\",\"url\":\"https:\\\/\\\/s40808.p1563.sites.pressdns.com\\\/engagex-europe-2020\\\/\",\"name\":\"EngageX Europe 2020\",\"description\":\"\",\"potentialAction\":[{\"@type\":\"SearchAction\",\"target\":{\"@type\":\"EntryPoint\",\"urlTemplate\":\"https:\\\/\\\/s40808.p1563.sites.pressdns.com\\\/engagex-europe-2020\\\/?s={search_term_string}\"},\"query-input\":{\"@type\":\"PropertyValueSpecification\",\"valueRequired\":true,\"valueName\":\"search_term_string\"}}],\"inLanguage\":\"en-US\"}]}<\/script>\n<!-- \/ Yoast SEO plugin. -->","yoast_head_json":{"title":"Agenda - Final - EngageX Europe 2020","robots":{"index":"noindex","follow":"nofollow"},"og_locale":"en_US","og_type":"article","og_title":"Agenda - Final - EngageX Europe 2020","og_description":"&nbsp; Agenda Hear from Bullhorn leaders, choose from dozens of regionally-specific and product-specific sessions, arrange one-to-one meetings with Marketplace partners and Bullhorn experts, and network with like-minded recruitment professionals through engaging roundtable discussions. Breakout Session Tracks UK &amp; I Regional Outlook (English) Get an update on macroeconimic trends from behavioural economist Roger Martin Fagg, and [&hellip;]","og_url":"https:\/\/s40808.p1563.sites.pressdns.com\/engagex-europe-2020\/agenda\/","og_site_name":"EngageX Europe 2020","article_modified_time":"2021-10-07T13:33:45+00:00","og_image":[{"width":2160,"height":1080,"url":"https:\/\/s40808.p1563.sites.pressdns.com\/engagex-europe-2020\/wp-content\/uploads\/sites\/11\/2020\/08\/EngageXEurope20_eventbrite-B-V1.png","type":"image\/png"}],"twitter_card":"summary_large_image","twitter_misc":{"Est. reading time":"2 minutes"},"schema":{"@context":"https:\/\/schema.org","@graph":[{"@type":"WebPage","@id":"https:\/\/s40808.p1563.sites.pressdns.com\/engagex-europe-2020\/agenda\/","url":"https:\/\/s40808.p1563.sites.pressdns.com\/engagex-europe-2020\/agenda\/","name":"Agenda - Final - EngageX Europe 2020","isPartOf":{"@id":"https:\/\/s40808.p1563.sites.pressdns.com\/engagex-europe-2020\/#website"},"primaryImageOfPage":{"@id":"https:\/\/s40808.p1563.sites.pressdns.com\/engagex-europe-2020\/agenda\/#primaryimage"},"image":{"@id":"https:\/\/s40808.p1563.sites.pressdns.com\/engagex-europe-2020\/agenda\/#primaryimage"},"thumbnailUrl":"https:\/\/engage.bullhorn.com\/engagex-europe-2020\/wp-content\/uploads\/sites\/11\/2020\/08\/EngageXEurope20_eventbrite-B-V1.png","datePublished":"2020-09-21T17:50:40+00:00","dateModified":"2021-10-07T13:33:45+00:00","breadcrumb":{"@id":"https:\/\/s40808.p1563.sites.pressdns.com\/engagex-europe-2020\/agenda\/#breadcrumb"},"inLanguage":"en-US","potentialAction":[{"@type":"ReadAction","target":["https:\/\/s40808.p1563.sites.pressdns.com\/engagex-europe-2020\/agenda\/"]}]},{"@type":"ImageObject","inLanguage":"en-US","@id":"https:\/\/s40808.p1563.sites.pressdns.com\/engagex-europe-2020\/agenda\/#primaryimage","url":"https:\/\/engage.bullhorn.com\/engagex-europe-2020\/wp-content\/uploads\/sites\/11\/2020\/08\/EngageXEurope20_eventbrite-B-V1.png","contentUrl":"https:\/\/engage.bullhorn.com\/engagex-europe-2020\/wp-content\/uploads\/sites\/11\/2020\/08\/EngageXEurope20_eventbrite-B-V1.png","width":2160,"height":1080},{"@type":"BreadcrumbList","@id":"https:\/\/s40808.p1563.sites.pressdns.com\/engagex-europe-2020\/agenda\/#breadcrumb","itemListElement":[{"@type":"ListItem","position":1,"name":"Home","item":"https:\/\/s40808.p1563.sites.pressdns.com\/engagex-europe-2020\/"},{"@type":"ListItem","position":2,"name":"Agenda &#8211; Final"}]},{"@type":"WebSite","@id":"https:\/\/s40808.p1563.sites.pressdns.com\/engagex-europe-2020\/#website","url":"https:\/\/s40808.p1563.sites.pressdns.com\/engagex-europe-2020\/","name":"EngageX Europe 2020","description":"","potentialAction":[{"@type":"SearchAction","target":{"@type":"EntryPoint","urlTemplate":"https:\/\/s40808.p1563.sites.pressdns.com\/engagex-europe-2020\/?s={search_term_string}"},"query-input":{"@type":"PropertyValueSpecification","valueRequired":true,"valueName":"search_term_string"}}],"inLanguage":"en-US"}]}},"_links":{"self":[{"href":"https:\/\/engage.bullhorn.com\/engagex-europe-2020\/wp-json\/wp\/v2\/pages\/1109","targetHints":{"allow":["GET"]}}],"collection":[{"href":"https:\/\/engage.bullhorn.com\/engagex-europe-2020\/wp-json\/wp\/v2\/pages"}],"about":[{"href":"https:\/\/engage.bullhorn.com\/engagex-europe-2020\/wp-json\/wp\/v2\/types\/page"}],"author":[{"embeddable":true,"href":"https:\/\/engage.bullhorn.com\/engagex-europe-2020\/wp-json\/wp\/v2\/users\/10"}],"replies":[{"embeddable":true,"href":"https:\/\/engage.bullhorn.com\/engagex-europe-2020\/wp-json\/wp\/v2\/comments?post=1109"}],"version-history":[{"count":0,"href":"https:\/\/engage.bullhorn.com\/engagex-europe-2020\/wp-json\/wp\/v2\/pages\/1109\/revisions"}],"wp:featuredmedia":[{"embeddable":true,"href":"https:\/\/engage.bullhorn.com\/engagex-europe-2020\/wp-json\/wp\/v2\/media\/1080"}],"wp:attachment":[{"href":"https:\/\/engage.bullhorn.com\/engagex-europe-2020\/wp-json\/wp\/v2\/media?parent=1109"}],"curies":[{"name":"wp","href":"https:\/\/api.w.org\/{rel}","templated":true}]}}